{"id":2454,"date":"2023-09-15T14:13:14","date_gmt":"2023-09-15T14:13:14","guid":{"rendered":"http:\/\/15.157.3.32\/?page_id=2454"},"modified":"2024-01-23T08:03:24","modified_gmt":"2024-01-23T08:03:24","slug":"terms-and-conditions","status":"publish","type":"page","link":"https:\/\/www.magnusmode.com\/es\/terms-and-conditions\/","title":{"rendered":"T\u00e9rminos y condiciones"},"content":{"rendered":"<div class=\"wpb-content-wrapper\"><div class=\"vc_row wpb_row row top-row wpb_custom_034b39d9bc6c6b310d69e39f0ccf274f\"><div class=\"vc_column_container col-md-12\"><div class=\"wpb_wrapper vc_column-inner\">\r\n\t<div class=\"wpb_text_column wpb_content_element wpb_custom_7c91d232724f73626cc933bd95b25ff0\" >\r\n\t\t<div class=\"wpb_wrapper\">\r\n\t\t\t<p><strong>T\u00e9rminos de uso del sitio web de Magnusmode y MagnusCards\u00ae<br \/><\/strong><\/p>\n<p><strong>Secci\u00f3n 1: Aceptaci\u00f3n de los t\u00e9rminos<\/strong><\/p>\n<p>El sitio web (www.magnusmode.com, \u201csitio web\u201d) y la aplicaci\u00f3n m\u00f3vil MagnusCards (\u201cMagnusCards\u201d) son\npropiedad de y son operadas por Magnusmode Limited\u00ae. Este acuerdo (\u201cAcuerdo\u201d) es un acuerdo entre\nMagnusmode Limited (\u201cnosotros\u201d\/\u201dnos\u201d) y usted (\u201custed\u201d) y se aplica para su uso de los productos, software,\nservicios o sitios web de Magnusmode Limited (colectivamente, \u201cproductos\u201d). Usted debe leer, estar de acuerdo y\naceptar todos los t\u00e9rminos y condiciones que se incluyen en este Acuerdo. Adem\u00e1s, para ser usuario del sitio web o\nde MagnusCards, usted debe leer, estar de acuerdo y aceptar cualquier acuerdo que se aplique a los productos.\nEste Acuerdo tiene un efecto en sus derechos y usted debe leerlo cuidadosamente. Lo animamos a imprimir este\nAcuerdo y guardar una copia para su referencia.<\/p>\n<p>Magnusmode Limited se reserva cualquier derecho no concedido expresamente en este documento. Este Acuerdo\nest\u00e1 sujeto a cambios sin aviso previo (a menos que la ley exija aviso previo), cuando se publique el Acuerdo\nrevisado en este sitio web. Nos reservamos el derecho de cambiar los t\u00e9rminos y condiciones del Acuerdo o\ncualquier pol\u00edtica incorporada a este Acuerdo como base de referencia, incluyendo, entre otros, la Pol\u00edtica de\nprivacidad en cualquier momento, publicando el Acuerdo revisado o las pol\u00edticas aplicables en el sitio web o\navis\u00e1ndole a usted. El Acuerdo revisado o las pol\u00edticas entrar\u00e1n en vigor en un plazo de cinco (5) d\u00edas despu\u00e9s de\ndicha publicaci\u00f3n o de avisarle. Su uso continuo de los productos despu\u00e9s del vencimiento del per\u00edodo de cinco\nd\u00edas del aviso debe constituir su aceptaci\u00f3n y acuerdo de estar obligado por los t\u00e9rminos y condiciones del Acuerdo\no sus pol\u00edticas revisadas. Por lo tanto, lo animamos a revisar peri\u00f3dicamente la versi\u00f3n m\u00e1s reciente de este\nAcuerdo, que est\u00e1 en el pie de p\u00e1gina de este sitio web.<\/p>\n<p><strong>Secci\u00f3n 2: Pol\u00edtica de privacidad<\/strong><\/p>\n<p>Las pol\u00edticas y procedimientos de Magnusmode Limited con respecto a la recopilaci\u00f3n y uso de su informaci\u00f3n\npersonal son reguladas por la Pol\u00edtica de privacidad. De acuerdo con la Pol\u00edtica de privacidad, solo recopilamos\ninformaci\u00f3n sobre usted que es necesaria para establecer su cuenta para los productos y para comunicarle\ninformaci\u00f3n actualizada de los productos. No usaremos su informaci\u00f3n de ninguna manera que no sea congruente\ncon los prop\u00f3sitos y limitaciones establecidas por la Pol\u00edtica de privacidad.<\/p>\n<p>Magnusmode Limited no monitorea ni revisa el contenido de los sitios web de terceros vinculados con este sitio\nweb. Las opiniones expresadas o el material que se menciona en dichos sitios web no necesariamente son\ncompartidos ni aprobados por Magnusmode Limited y Magnusmode Limited no se debe considerar el anunciante\nde esas opiniones o material. Debe saber que no somos responsables de las pr\u00e1cticas de privacidad o contenido de\nestos sitios. Lo animamos a que sepa cu\u00e1ndo debe salir de un sitio web y a leer las declaraciones de privacidad de\nestos sitios. Debe evaluar la seguridad e integridad de cualquier otro sitio web conectado con este sitio web y al\nque acceda por medio de este sitio web antes de revelar cualquier informaci\u00f3n personal. Magnusmode Limited no\nacepta ninguna responsabilidad por cualquier p\u00e9rdida o da\u00f1o de cualquier manera, ocasionado por cualquier otro\naspecto, que sea consecuencia de su revelaci\u00f3n de informaci\u00f3n personal a terceros.<\/p>\n<p>Las direcciones IP se usan para analizar tendencias, administrar el sitio web y MagnusCards, seguir los\nmovimientos del usuario y recopilar amplia informaci\u00f3n demogr\u00e1fica para uso agregado. Las direcciones IP no se\nvinculan a informaci\u00f3n de identificaci\u00f3n personal. Adem\u00e1s, para prop\u00f3sitos de administraci\u00f3n de sistemas,\ndetectar patrones de uso y soluci\u00f3n de problemas, los servidores web registran autom\u00e1ticamente la informaci\u00f3n\nde acceso est\u00e1ndar, incluyendo entre otros, tipo de navegador, horas de acceso\/correo abierto, URL solicitada y\nURL de remisi\u00f3n. Esta informaci\u00f3n no se comparte con terceros y solo se usa en Magnusmode Limited si fuera\nP\u00e1gina 2 de 5\nnecesario conocerla. Cualquier informaci\u00f3n que lo pueda identificar individualmente relacionada con estos datos\nnunca se usar\u00e1 de una manera que difiera con lo establecido arriba sin su permiso expl\u00edcito.<\/p>\n<p><strong>Secci\u00f3n 3: Su cuenta y credenciales<\/strong><\/p>\n<p>Cuando usted establece una cuenta para usar los productos, podr\u00e1 seleccionar su nombre de usuario y contrase\u00f1a.\nDebe seleccionar cuidadosamente su contrase\u00f1a para que cualquier otra persona no pueda adivinarla f\u00e1cilmente.\nUsted es responsable de mantener la confidencialidad de su contrase\u00f1a y de su cuenta en todo momento y es\nresponsable por completo de todas las actividades que ocurran en su cuenta con o sin su conocimiento. Usted\nacepta avisarnos inmediatamente de cualquier uso no autorizado de su contrase\u00f1a o cuenta, o de cualquier\nvulneraci\u00f3n a la seguridad. Magnusmode Limited no puede y no ser\u00e1 responsable, directa o indirectamente, de\nninguna p\u00e9rdida o da\u00f1o que surja de su incumplimiento de los t\u00e9rminos y condiciones. Las declinaciones y\nlimitaciones de responsabilidad de arriba sobreviven a la finalizaci\u00f3n o vencimiento de este Acuerdo.<\/p>\n<p>Si sospecha que alguien m\u00e1s conoce su contrase\u00f1a, debe cambiarla de inmediato. En caso de cualquier uso no\nautorizado de su cuenta o de cualquier otra vulneraci\u00f3n a la seguridad, tambi\u00e9n debe avisarnos de inmediato y\nseguir cualquier instrucci\u00f3n que le demos. Usted acepta que es absolutamente responsable de mantener la\nconfidencialidad de su nombre de usuario, contrase\u00f1a y cualquier otra informaci\u00f3n de la cuenta (colectivamente, la\n\u2018informaci\u00f3n de la cuenta\u2019).<\/p>\n<p>Usted acepta que Magnusmode Limited no ser\u00e1 responsable de ninguna p\u00e9rdida en la que pueda incurrir como resultado de que otra persona utilice la informaci\u00f3n de su cuenta, ya sea con o sin su conocimiento. Usted acepta que ser\u00e1 responsable de toda la actividad en su cuenta, ya sea iniciada por usted o por otros en su nombre, o por cualquier otro medio, hasta que usted: (i) notifique a Magnusmode Limited de un incumplimiento a info@magnusmode.com, (ii) eliminar su cuenta; y\/o (iii) demostrar que la seguridad de su cuenta se vio comprometida debido a una falla de nuestros sistemas. Adem\u00e1s, acepta que ser\u00e1 responsable de las p\u00e9rdidas sufridas por Magnusmode Limited u otra parte debido a que otra persona utilice su informaci\u00f3n de cuenta. Magnusmode Limited renuncia espec\u00edficamente a toda responsabilidad por cualquier actividad en su Cuenta, ya sea que usted la haya autorizado o no. Por motivos de seguridad, debe mantener la informaci\u00f3n de su cuenta en un lugar seguro y tomar precauciones para evitar que otros obtengan acceso a la informaci\u00f3n de su cuenta. Los usuarios pueden solicitar que se eliminen los datos enviando un correo electr\u00f3nico <a href=\"mailto:support@magnusmode.com\">support@magnusmode.com<\/a>. Es posible que se requiera verificaci\u00f3n de identidad y los usuarios deben esperar confirmaci\u00f3n una vez que se procese la solicitud. Este p\u00e1rrafo sobrevivir\u00e1 a la terminaci\u00f3n o vencimiento de este Acuerdo.<\/p>\n<p><strong>Secci\u00f3n 4: Su informaci\u00f3n<\/strong><\/p>\n<p>Usted acepta dar y mantener informaci\u00f3n verdadera, exacta, actualizada y completa sobre usted seg\u00fan lo pida el\nproceso de registro o presentaci\u00f3n de los productos, incluyendo entre otros, informaci\u00f3n de la cuenta. Usted debe\ninformarnos de manera oportuna lo siguiente: cambios en la informaci\u00f3n de la cuenta; vulneraciones evidentes a la\nseguridad, como p\u00e9rdida, robo o revelaci\u00f3n, o uso no autorizado de una cuenta o contrase\u00f1a. Usted acepta avisar a\nMagnusmode Limited inmediatamente despu\u00e9s de enterarse de cualquier posible vulneraci\u00f3n a su cuenta.<\/p>\n<p><strong>Secci\u00f3n 5: Cambios a los productos<\/strong><\/p>\n<p>Magnusmode Limited puede agregar, eliminar o cambiar las caracter\u00edsticas o funciones de los productos en\ncualquier momento, a discreci\u00f3n exclusiva de Magnusmode Limited. Si Magnusmode Limited cree que es\nrazonablemente pr\u00e1ctico hacerlo y si el cambio afecta de manera adversa su uso de los productos, Magnusmode\nLimited le avisar\u00e1 del cambio tan pronto como sea razonablemente pr\u00e1ctico despu\u00e9s de que se implemente; este\naviso se puede hacer electr\u00f3nicamente.<\/p>\n<p>Magnusmode Limited puede provocar que los productos no est\u00e9n disponibles para usted temporalmente, con o sin\naviso previo, por mantenimiento del sitio, seguridad u otros motivos, y usted acepta que los factores m\u00e1s all\u00e1 del\ncontrol razonable, como falla en las telecomunicaciones o en el equipo, tambi\u00e9n pueden provocar que los\nproductos no est\u00e9n disponibles para usted.<\/p>\n<p><strong>Secci\u00f3n 6: Conducta<\/strong><\/p>\n<p>En conexi\u00f3n con su uso de los productos o en el curso de sus interacciones con Magnusmode Limited o con\nterceros, usted no: (i) vulnerar\u00e1 este Acuerdo ni ning\u00fan otro acuerdo o pol\u00edtica que ha acordado con Magnusmode\nLimited; (ii) infringir\u00e1 ninguna ley, estatuto, ordenanza o reglamentaci\u00f3n; (iii) infringir\u00e1 los derechos de autor,\npatentes, marcas comerciales, secreto comercial u otro derecho de propiedad intelectual o derecho de publicidad o\nprivacidad; (iv) actuar\u00e1 de manera difamatoria, calumniosa, amenazante o acosadora; (v) dar\u00e1 informaci\u00f3n falsa,\nsin fundamentos o enga\u00f1osa; (vi) se rehusar\u00e1 a cooperar en una investigaci\u00f3n o dar\u00e1 confirmaci\u00f3n de su identidad\no de cualquier informaci\u00f3n que nos d\u00e9; (vii) usar\u00e1 su cuenta o los productos de manera que Magnusmode Limited\npueda creer razonablemente que es un mal uso o infracci\u00f3n de las reglas de la red; (viii) tomar\u00e1 ninguna acci\u00f3n que\nimponga una carga irracional o desproporcionadamente grande a nuestra infraestructura; (ix) facilitar\u00e1 ning\u00fan virus,\ncaballo de Troya, gusano inform\u00e1tico u otras rutinas de programaci\u00f3n de computaci\u00f3n que puedan da\u00f1ar,\ndeteriorar, interferir, interceptar furtivamente o expropiar cualquier dato o informaci\u00f3n del sistema, ni usar\u00e1 ning\u00fan\nproxy de anonimizaci\u00f3n; (x) usar\u00e1 ning\u00fan robot, spider, otro dispositivo autom\u00e1tico o proceso manual para\nmonitorear o copiar nuestro sitio web sin permiso previo por escrito; (xi) usar\u00e1 ning\u00fan dispositivo, software o rutina\npara anular nuestros conectores de exclusi\u00f3n de robots ni interferir\u00e1 o intentar\u00e1 interferir con el sitio web y los\nproductos; (xii) tomar\u00e1 ninguna acci\u00f3n que pueda provocar que perdamos cualquiera de los servicios de nuestros\nproveedores de servicios de Internet u otros proveedores.<\/p>\n<p><strong>Secci\u00f3n 7: Finalizaci\u00f3n de la cuenta<\/strong><\/p>\n<p>Usted usa los productos con el permiso de Magnusmode Limited, que puede ser revocado en cualquier momento y\npor cualquier motivo. Usted acepta que, a nuestra discreci\u00f3n, podemos suspender o finalizar permanentemente su\nacceso a los productos por cualquier motivo, incluyendo, entre otros: (a) vulneraciones o infracciones a este\nAcuerdo o a cualquier otro acuerdo o directriz incorporada; (b) solicitudes de fuerzas de orden p\u00fablico u otras\nagencias del gobierno; (c) si usted lo pide (solicitud de finalizaci\u00f3n de la cuenta iniciada por usted); (d)\ninconvenientes o problemas t\u00e9cnicos inesperados; o (e) per\u00edodos extendidos de inactividad. Usted entiende que\ndicha finalizaci\u00f3n puede tener como consecuencia el cierre permanente de su cuenta. Usted reconoce y acepta que\nlas cuentas eliminadas no se pueden reactivar<\/p>\n<p>Usted acepta que no seremos responsables ante usted o cualquier tercero por p\u00e9rdidas o da\u00f1os causados como\nconsecuencia de su acceso a los productos finalizados o suspendidos. Adem\u00e1s de finalizar el acceso a los\nProductos, nos reservamos el derecho de bloquear ciertas direcciones IP a nuestra discreci\u00f3n exclusiva. Este\np\u00e1rrafo sobrevive a la finalizaci\u00f3n o vencimiento de este Acuerdo.<\/p>\n<p><strong>Secci\u00f3n 8: Plazo y finalizaci\u00f3n<\/strong><\/p>\n<p>El plazo de este Acuerdo comienza una vez usted comience a usar la aplicaci\u00f3n MagnusCards. Este\nAcuerdo seguir\u00e1 vigente hasta que la fecha de entrada en vigor de la finalizaci\u00f3n pedida por usted o por\nMagnusmode Limited, seg\u00fan los t\u00e9rminos y condiciones del Acuerdo. Su uso del sitio web o el aprovisionamiento\nde cualquier informaci\u00f3n para crear una cuenta con los productos constituye su aceptaci\u00f3n de y es condicional a\nsu aceptaci\u00f3n y cumplimiento de estos t\u00e9rminos y condiciones, incluyendo la Pol\u00edtica de privacidad y sus\nenmiendas ocasionales.<\/p>\n<p>Cuando finalice o venza este Acuerdo, sus derechos y acceso para usar los productos finalizar\u00e1 de inmediato.\nTodas las obligaciones de indemnizaci\u00f3n, declinaciones y limitaciones de responsabilidad de este Acuerdo deben\nsobrevivir a la finalizaci\u00f3n o vencimiento de este Acuerdo. Cualquier t\u00e9rmino y condici\u00f3n de este Acuerdo que por\nsu naturaleza se extienda despu\u00e9s de la finalizaci\u00f3n o vencimiento de este Acuerdo debe sobrevivir a la finalizaci\u00f3n\no vencimiento de este Acuerdo, incluyendo, entre otros, las Secciones 9, 10, 11, 12 and 13.<\/p>\n<p><strong>Secci\u00f3n 9: Contenido propio<\/strong><\/p>\n<p>Usted acepta no vender, duplicar, registrar, distribuir, transmitir, publicar, ejecutar, alquilar, exhibir p\u00fablicamente,\ncrear trabajos derivados o explotar por ning\u00fan motivo el contenido o material disponible de los productos o sitio\nweb sin el permiso previo y expreso por escrito de Magnusmode Limited. Magnusmode Limited se reserva todos\nlos derechos no concedidos al contenido y al material de los productos.<\/p>\n<p><strong>Secci\u00f3n 10: Declinaci\u00f3n responsabilidad de garant\u00edas y condiciones<\/strong><\/p>\n<p>EN LA MEDIDA M\u00c1XIMA QUE PERMITA LA LEY, USTED ACEPTA QUE SU USO DE LOS PRODUCTOS SER\u00c1 BAJO SU\nPROPIO Y EXCLUSIVO RIESGO. LOS PRODUCTOS SE ENTREGAN \u201cCOMO EST\u00c1N\u201d Y \u201cSEG\u00daN EST\u00c9N DISPONIBLES\u201d\nPARA SU USO. EN LA MEDIDA M\u00c1XIMA PERMITIDA POR LA LEY, MAGNUSMODE LIMITED EXPRESAMENTE\nDECLINA LA RESPONSABILIDAD DE TODAS LAS GARANT\u00cdAS DE CUALQUIER TIPO, YA SEA EXPRESAS O\nIMPL\u00cdCITAS, INCLUYENDO ENTRE OTROS, GARANT\u00cdAS IMPL\u00cdCITAS DE COMERCIABILIDAD, IDONEIDAD PARA UN\nPROP\u00d3SITO PARTICULAR O GENERAL, CALIDAD, T\u00cdTULO Y NO INFRACCI\u00d3N. MAGNUSMODE LIMITED NO\nGARANTIZA QUE LOS ERRORES O DEFECTOS DE LOS PRODUCTOS SE CORREGIR\u00c1N Y NO ASUME\nRESPONSABILIDAD POR LA CONDUCTA DE CUALQUIER USUARIO DE LOS SERVICIOS, YA SEA EN L\u00cdNEA O SIN\nCONEXI\u00d3N. MAGNUSMODE LIMITED NO ASUME NINGUNA OBLIGACI\u00d3N NI RESPONSABILIDAD POR CUALQUIER\n(A) LESI\u00d3N PERSONAL, A LA PROPIEDAD, CORPORAL, MORAL O DA\u00d1O MATERIAL DE NINGUNA NATURALEZA EN\nABSOLUTO, QUE SEA CONSECUENCIA DE ACCEDER O USAR LOS PRODUCTOS, DEL CONTENIDO PUBLICADO,\nENVIADO POR CORREO ELECTR\u00d3NICO O DE OTRO MODO DISPONIBLE DE LOS PRODUCTOS O DE LA\nINTERACCI\u00d3N ENTRE LOS USUARIOS DE LOS PRODUCTOS, YA SEA EN L\u00cdNEA O SIN CONEXI\u00d3N, (B) DE LOS\nERRORES, EQUIVOCACIONES O IMPRECISIONES DEL CONTENIDO O DEL SOFTWARE, (C) GUSANOS O VIRUS QUE\nSE PUEDAN TRANSMITIR A O POR MEDIO DE LOS PRODUCTOS A CUALQUIER TERCERO, (D) CUALQUIER\nINTERRUPCI\u00d3N O SUSPENSI\u00d3N DE LOS PRODUCTOS O DE LA TRANSMISI\u00d3N DE LOS PRODUCTOS O (E) DE\nCUALQUIER ACCESO O USO NO AUTORIZADO DE NUESTROS SERVIDORES SEGUROS.<\/p>\n<p><strong>Secci\u00f3n 11: Limitaciones de responsabilidad<\/strong><\/p>\n<p>USTED ACEPTA QUE BAJO NINGUNA CIRCUNSTANCIA MAGNUSMODE LIMITED, SUS REPRESENTANTES,\nDIRECTORES, EMPLEADOS O AGENTES SER\u00c1N RESPONSABLES ANTE USTED POR CUALQUIER DA\u00d1O INDIRECTO,\nESPECIAL, PUNITIVO O CONSECUENTE, INCLUSO SI HEMOS SIDO ADVERTIDOS DE LA POSIBILIDAD DE DICHOS\nDA\u00d1OS, CONSECUENCIA DE (A) LESI\u00d3N PERSONAL, A LA PROPIEDAD, CORPORAL, MORAL O DA\u00d1O MATERIAL DE\nNINGUNA NATURALEZA EN ABSOLUTO, QUE SEA CONSECUENCIA DE ACCEDER O USAR LOS PRODUCTOS, DEL\nCONTENIDO PUBLICADO, ENVIADO POR CORREO ELECTR\u00d3NICO O DE OTRO MODO DISPONIBLE DE LOS\nPRODUCTOS O DE LA INTERACCI\u00d3N ENTRE LOS USUARIOS DE LOS PRODUCTOS, YA SEA EN L\u00cdNEA O SIN\nCONEXI\u00d3N, (B) DE LOS ERRORES, EQUIVOCACIONES O IMPRECISIONES DEL CONTENIDO O DEL SOFTWARE, (C)\nGUSANOS O VIRUS QUE SE PUEDAN TRANSMITIR A O POR MEDIO DE LOS PRODUCTOS A CUALQUIER TERCERO,\n(D) CUALQUIER INTERRUPCI\u00d3N O SUSPENSI\u00d3N DE LOS PRODUCTOS O DE LA TRANSMISI\u00d3N DE LOS\nPRODUCTOS O (E) DE CUALQUIER ACCESO O USO NO AUTORIZADO DE NUESTROS SERVIDORES SEGUROS.<\/p>\n<p><strong>Secci\u00f3n 12: Indemnizaci\u00f3n<\/strong><\/p>\n<p>Secci\u00f3n 12: Indemnizaci\u00f3n\nUsted acepta reivindicar, indemnizar y eximir de responsabilidad a Magnusmode Limited, sus afiliados,\nrepresentantes, directores, empleados y agentes, de y contra cualquiera y todos los reclamos, demandas, gastos\n(incluyendo, entre otros, honorarios legales razonables), da\u00f1os, derechos de acci\u00f3n, obligaciones,\nresponsabilidades y costos o deuda que surja de o afirmada en conexi\u00f3n con: (i) su uso y acceso a (o incapacidad\nde usar) los productos; (ii) su infracci\u00f3n a cualquier parte de este Acuerdo; (iii) su infracci\u00f3n a cualquier derecho de\nterceros, incluyendo, entre otros, cualquier derecho de autor, propiedad intelectual o derecho de privacidad. Nos\nreservamos el derecho, a nuestra exclusiva discreci\u00f3n, de manejar cualquier acci\u00f3n o proceso y determinar si\nqueremos liquidarlo y, si es as\u00ed, en qu\u00e9 t\u00e9rminos. Esta obligaci\u00f3n de reivindicaci\u00f3n o indemnizaci\u00f3n sobrevivir\u00e1 a la\nfinalizaci\u00f3n o vencimiento de este Acuerdo o a su uso de los productos.<\/p>\n<p><strong>Secci\u00f3n 13: Miscel\u00e1neos<\/strong><\/p>\n<p>Este Acuerdo y la Pol\u00edtica de privacidad constituyen el Acuerdo completo entre usted y Magnusmode Limited con\nrespecto a su uso del sitio web o los productos. Este Acuerdo sustituye cualquiera y todos los acuerdos y\nentendimientos anteriores, ya sea verbales o por escrito, entre usted y Magnusmode Limited. En caso de conflicto\nentre este Acuerdo y cualquier otro acuerdo entre usted y Magnusmode Limited, los t\u00e9rminos y condiciones de este\nAcuerdo tendr\u00e1n precedencia.<\/p>\n<p>Este Acuerdo ser\u00e1 regulado y se debe interpretar de acuerdo con las leyes de la Provincia de Ontario y las leyes\nfederales de Canad\u00e1 que apliquen para el mismo, sin considerar el conflicto de principios legales. Por este\nmedio usted se somete expresamente a la jurisdicci\u00f3n no exclusiva de la Provincia de Ontario.<\/p>\n<p>El incumplimiento de Magnusmode Limited para ejercer o hacer cumplir cualquier derecho o provisi\u00f3n de este\nAcuerdo no se debe considerar una renuncia a tal derecho o provisi\u00f3n. Los t\u00edtulos de las secciones de este\nAcuerdo son solo para conveniencia y no tienen efecto legal ni contractual.<\/p>\n<p>&nbsp;<\/p>\n\r\n\t\t<\/div>\r\n\t<\/div>\r\n<\/div><\/div><\/div><\/div>","protected":false},"excerpt":{"rendered":"MAGNUSMODE WEBSITE AND MAGNUSCARDS\u00ae ! TERMS OF USE SECTION 1: ACCEPTANCE OF TERMS The Website (www.magnusmode.com,\u201dWebsite\u201d) and the mobile application MagnusCards (\u201cMagnusCards\u201d) are owned and operated by Magnusmode Limited\u00ae. This agreement (\u201cAgreement\u201d) is an agreement between Magnusmode Limited (\u201cwe\u201d\/\u201dus\u201d) and you (\u201cyou\u201d), and applies to your use of Magnusmode Limited\u2019s products, software, services and\/or websites [...]","protected":false},"author":1,"featured_media":0,"parent":0,"menu_order":7,"comment_status":"closed","ping_status":"closed","template":"","meta":{"inline_featured_image":false,"footnotes":""},"class_list":["post-2454","page","type-page","status-publish","hentry"],"_links":{"self":[{"href":"https:\/\/www.magnusmode.com\/es\/wp-json\/wp\/v2\/pages\/2454","targetHints":{"allow":["GET"]}}],"collection":[{"href":"https:\/\/www.magnusmode.com\/es\/wp-json\/wp\/v2\/pages"}],"about":[{"href":"https:\/\/www.magnusmode.com\/es\/wp-json\/wp\/v2\/types\/page"}],"author":[{"embeddable":true,"href":"https:\/\/www.magnusmode.com\/es\/wp-json\/wp\/v2\/users\/1"}],"replies":[{"embeddable":true,"href":"https:\/\/www.magnusmode.com\/es\/wp-json\/wp\/v2\/comments?post=2454"}],"version-history":[{"count":2,"href":"https:\/\/www.magnusmode.com\/es\/wp-json\/wp\/v2\/pages\/2454\/revisions"}],"predecessor-version":[{"id":2949,"href":"https:\/\/www.magnusmode.com\/es\/wp-json\/wp\/v2\/pages\/2454\/revisions\/2949"}],"wp:attachment":[{"href":"https:\/\/www.magnusmode.com\/es\/wp-json\/wp\/v2\/media?parent=2454"}],"curies":[{"name":"wp","href":"https:\/\/api.w.org\/{rel}","templated":true}]}}